{"id":214,"date":"2025-08-13T18:12:14","date_gmt":"2025-08-13T16:12:14","guid":{"rendered":"https:\/\/foerderverein-der-otfw-arnsdorf.de\/?page_id=214"},"modified":"2025-08-13T19:24:31","modified_gmt":"2025-08-13T17:24:31","slug":"vorstand","status":"publish","type":"page","link":"https:\/\/foerderverein-der-otfw-arnsdorf.de\/index.php\/vorstand\/","title":{"rendered":"Vorstand"},"content":{"rendered":"\n<p>Der Vorstand bildet das R\u00fcckgrat unseres Vereins, koordiniert Projekte, \u00fcbernimmt die Buchhaltung, organisiert Veranstaltungen und sorgt daf\u00fcr, dass jede Hilfe genau dort ankommt, wo sie am dringendsten gebraucht wird. Lerne hier die Pers\u00f6nlichkeiten kennen, die mit viel Fachwissen und Leidenschaft das Anliegen unseres Vereins vorantreiben!<\/p>\n\n\n\n<p><\/p>\n","protected":false},"excerpt":{"rendered":"<p>Der Vorstand bildet das R\u00fcckgrat unseres Vereins, koordiniert Projekte, \u00fcbernimmt die Buchhaltung, organisiert Veranstaltungen und sorgt daf\u00fcr, dass jede Hilfe genau dort ankommt, wo sie am dringendsten gebraucht wird. Lerne hier die Pers\u00f6nlichkeiten kennen, die mit viel Fachwissen und Leidenschaft das Anliegen unseres Vereins vorantreiben!<\/p>\n","protected":false},"author":1,"featured_media":232,"parent":0,"menu_order":0,"comment_status":"closed","ping_status":"closed","template":"","meta":{"footnotes":""},"class_list":["post-214","page","type-page","status-publish","has-post-thumbnail","hentry","post","post-with-thumbnail","post-with-thumbnail-large"],"_links":{"self":[{"href":"https:\/\/foerderverein-der-otfw-arnsdorf.de\/index.php\/wp-json\/wp\/v2\/pages\/214","targetHints":{"allow":["GET"]}}],"collection":[{"href":"https:\/\/foerderverein-der-otfw-arnsdorf.de\/index.php\/wp-json\/wp\/v2\/pages"}],"about":[{"href":"https:\/\/foerderverein-der-otfw-arnsdorf.de\/index.php\/wp-json\/wp\/v2\/types\/page"}],"author":[{"embeddable":true,"href":"https:\/\/foerderverein-der-otfw-arnsdorf.de\/index.php\/wp-json\/wp\/v2\/users\/1"}],"replies":[{"embeddable":true,"href":"https:\/\/foerderverein-der-otfw-arnsdorf.de\/index.php\/wp-json\/wp\/v2\/comments?post=214"}],"version-history":[{"count":1,"href":"https:\/\/foerderverein-der-otfw-arnsdorf.de\/index.php\/wp-json\/wp\/v2\/pages\/214\/revisions"}],"predecessor-version":[{"id":215,"href":"https:\/\/foerderverein-der-otfw-arnsdorf.de\/index.php\/wp-json\/wp\/v2\/pages\/214\/revisions\/215"}],"wp:featuredmedia":[{"embeddable":true,"href":"https:\/\/foerderverein-der-otfw-arnsdorf.de\/index.php\/wp-json\/wp\/v2\/media\/232"}],"wp:attachment":[{"href":"https:\/\/foerderverein-der-otfw-arnsdorf.de\/index.php\/wp-json\/wp\/v2\/media?parent=214"}],"curies":[{"name":"wp","href":"https:\/\/api.w.org\/{rel}","templated":true}]}}