{"id":218,"date":"2025-08-13T18:22:31","date_gmt":"2025-08-13T16:22:31","guid":{"rendered":"https:\/\/foerderverein-der-otfw-arnsdorf.de\/?page_id=218"},"modified":"2025-08-13T20:15:10","modified_gmt":"2025-08-13T18:15:10","slug":"mission","status":"publish","type":"page","link":"https:\/\/foerderverein-der-otfw-arnsdorf.de\/index.php\/mission\/","title":{"rendered":"Mission"},"content":{"rendered":"\n<p>Wir sind der F\u00f6rderverein der Ortsteilfeuerwehr Arnsdorf e. V. und unterst\u00fctzen die Kameradinnen und Kameraden unserer freiwilligen Feuerwehr \u2013 finanziell, ideell und mit viel Herzblut.<\/p>\n\n\n\n<p><strong>Zusammen f\u00fcr unsere Feuerwehr<\/strong><\/p>\n\n\n\n<p>Die Feuerwehr ist rund um die Uhr f\u00fcr uns da \u2013 ehrenamtlich und zuverl\u00e4ssig, auch in der Nacht und an Feiertagen. Doch die \u00f6ffentlichen Mittel reichen oft nicht aus, um die Feuerwehrleute optimal f\u00fcr ihre manchmal gef\u00e4hrlichen Eins\u00e4tze auszustatten.<\/p>\n\n\n\n<p><strong>Nachwuchs f\u00f6rdern \u2013 Zukunft sichern<\/strong><\/p>\n\n\n\n<p>Die Kinder- und Jugendfeuerwehr ist das Fundament f\u00fcr die Zukunft unserer Feuerwehr. Hier lernen M\u00e4dchen und Jungen fr\u00fchzeitig Teamgeist, Verantwortung und den Umgang mit Technik. So wachsen sie spielerisch in das Ehrenamt hinein \u2013 und sichern langfristig den Nachwuchs. Gleichzeitig st\u00e4rkt die Jugendarbeit das Miteinander im Dorf und schafft Gemeinschaft, auf die man sich verlassen kann. Eine wichtige S\u00e4ule unserer Arbeit ist deshalb auch die F\u00f6rderung unserer Kinder- und Jugendfeuerwehr.<\/p>\n\n\n\n<p><strong>Gemeinsam stark!<\/strong><\/p>\n\n\n\n<p>Jede Unterst\u00fctzung z\u00e4hlt! Ob als Mitglied des F\u00f6rdervereins, als Helfer oder mit einer einmaligen Spende \u2013 jeder kann nach seinen M\u00f6glichkeiten etwas f\u00fcr unsere Feuerwehr beitragen. Werde Teil einer starken Gemeinschaft!<\/p>\n","protected":false},"excerpt":{"rendered":"<p>Wir sind der F\u00f6rderverein der Ortsteilfeuerwehr Arnsdorf e. V. und unterst\u00fctzen die Kameradinnen und Kameraden unserer freiwilligen Feuerwehr \u2013 finanziell, ideell und mit viel Herzblut. Zusammen f\u00fcr unsere Feuerwehr Die Feuerwehr ist rund um die Uhr f\u00fcr uns da \u2013 ehrenamtlich und zuverl\u00e4ssig, auch in der Nacht und an Feiertagen. Doch die \u00f6ffentlichen Mittel reichen [&hellip;]<\/p>\n","protected":false},"author":1,"featured_media":231,"parent":0,"menu_order":0,"comment_status":"closed","ping_status":"closed","template":"","meta":{"footnotes":""},"class_list":["post-218","page","type-page","status-publish","has-post-thumbnail","hentry","post","post-with-thumbnail","post-with-thumbnail-large"],"_links":{"self":[{"href":"https:\/\/foerderverein-der-otfw-arnsdorf.de\/index.php\/wp-json\/wp\/v2\/pages\/218","targetHints":{"allow":["GET"]}}],"collection":[{"href":"https:\/\/foerderverein-der-otfw-arnsdorf.de\/index.php\/wp-json\/wp\/v2\/pages"}],"about":[{"href":"https:\/\/foerderverein-der-otfw-arnsdorf.de\/index.php\/wp-json\/wp\/v2\/types\/page"}],"author":[{"embeddable":true,"href":"https:\/\/foerderverein-der-otfw-arnsdorf.de\/index.php\/wp-json\/wp\/v2\/users\/1"}],"replies":[{"embeddable":true,"href":"https:\/\/foerderverein-der-otfw-arnsdorf.de\/index.php\/wp-json\/wp\/v2\/comments?post=218"}],"version-history":[{"count":2,"href":"https:\/\/foerderverein-der-otfw-arnsdorf.de\/index.php\/wp-json\/wp\/v2\/pages\/218\/revisions"}],"predecessor-version":[{"id":242,"href":"https:\/\/foerderverein-der-otfw-arnsdorf.de\/index.php\/wp-json\/wp\/v2\/pages\/218\/revisions\/242"}],"wp:featuredmedia":[{"embeddable":true,"href":"https:\/\/foerderverein-der-otfw-arnsdorf.de\/index.php\/wp-json\/wp\/v2\/media\/231"}],"wp:attachment":[{"href":"https:\/\/foerderverein-der-otfw-arnsdorf.de\/index.php\/wp-json\/wp\/v2\/media?parent=218"}],"curies":[{"name":"wp","href":"https:\/\/api.w.org\/{rel}","templated":true}]}}