{"id":233,"date":"2025-08-13T19:51:48","date_gmt":"2025-08-13T17:51:48","guid":{"rendered":"https:\/\/foerderverein-der-otfw-arnsdorf.de\/?page_id=233"},"modified":"2025-08-13T20:53:11","modified_gmt":"2025-08-13T18:53:11","slug":"vereinsgeschichte","status":"publish","type":"page","link":"https:\/\/foerderverein-der-otfw-arnsdorf.de\/index.php\/vereinsgeschichte\/","title":{"rendered":"Vereinsgeschichte"},"content":{"rendered":"\n<p>Die Zeiten knapper \u00f6ffentlicher Gelder gehen auch an den Feuerwehren nicht spurlos vor\u00fcber. Fast alle Wehren wissen von veralteter Ausr\u00fcstung und fehlenden Materialien zu berichten. Trotzdem geben die Kameradinnen und Kameraden jederzeit alles f\u00fcr uns. Da wollten wir nicht tatenlos am Rand stehen!<\/p>\n\n\n\n<p>Seit Jahren gibt es viele Aktionen zur F\u00f6rderung unserer Freiwilligen Feuerwehr, und jede noch so kleine Unterst\u00fctzung ist ein Beitrag f\u00fcr uns alle. Die bisherigen Initiativen bilden die Grundlage unseres Vereins, der im Jahr 2025 mit dem Ziel gegr\u00fcndet wurde, noch besser helfen zu k\u00f6nnen.<\/p>\n\n\n\n<p>Gemeinsam wollen wir unsere Feuerwehr st\u00e4rken \u2013 zum Wohle aller.<\/p>\n\n\n\n<p><\/p>\n","protected":false},"excerpt":{"rendered":"<p>Die Zeiten knapper \u00f6ffentlicher Gelder gehen auch an den Feuerwehren nicht spurlos vor\u00fcber. Fast alle Wehren wissen von veralteter Ausr\u00fcstung und fehlenden Materialien zu berichten. Trotzdem geben die Kameradinnen und Kameraden jederzeit alles f\u00fcr uns. Da wollten wir nicht tatenlos am Rand stehen! Seit Jahren gibt es viele Aktionen zur F\u00f6rderung unserer Freiwilligen Feuerwehr, und [&hellip;]<\/p>\n","protected":false},"author":1,"featured_media":234,"parent":0,"menu_order":0,"comment_status":"closed","ping_status":"closed","template":"","meta":{"footnotes":""},"class_list":["post-233","page","type-page","status-publish","has-post-thumbnail","hentry","post","post-with-thumbnail","post-with-thumbnail-large"],"_links":{"self":[{"href":"https:\/\/foerderverein-der-otfw-arnsdorf.de\/index.php\/wp-json\/wp\/v2\/pages\/233","targetHints":{"allow":["GET"]}}],"collection":[{"href":"https:\/\/foerderverein-der-otfw-arnsdorf.de\/index.php\/wp-json\/wp\/v2\/pages"}],"about":[{"href":"https:\/\/foerderverein-der-otfw-arnsdorf.de\/index.php\/wp-json\/wp\/v2\/types\/page"}],"author":[{"embeddable":true,"href":"https:\/\/foerderverein-der-otfw-arnsdorf.de\/index.php\/wp-json\/wp\/v2\/users\/1"}],"replies":[{"embeddable":true,"href":"https:\/\/foerderverein-der-otfw-arnsdorf.de\/index.php\/wp-json\/wp\/v2\/comments?post=233"}],"version-history":[{"count":4,"href":"https:\/\/foerderverein-der-otfw-arnsdorf.de\/index.php\/wp-json\/wp\/v2\/pages\/233\/revisions"}],"predecessor-version":[{"id":253,"href":"https:\/\/foerderverein-der-otfw-arnsdorf.de\/index.php\/wp-json\/wp\/v2\/pages\/233\/revisions\/253"}],"wp:featuredmedia":[{"embeddable":true,"href":"https:\/\/foerderverein-der-otfw-arnsdorf.de\/index.php\/wp-json\/wp\/v2\/media\/234"}],"wp:attachment":[{"href":"https:\/\/foerderverein-der-otfw-arnsdorf.de\/index.php\/wp-json\/wp\/v2\/media?parent=233"}],"curies":[{"name":"wp","href":"https:\/\/api.w.org\/{rel}","templated":true}]}}