{"id":243,"date":"2025-08-13T20:31:09","date_gmt":"2025-08-13T18:31:09","guid":{"rendered":"https:\/\/foerderverein-der-otfw-arnsdorf.de\/?page_id=243"},"modified":"2025-08-13T20:50:52","modified_gmt":"2025-08-13T18:50:52","slug":"erfolge","status":"publish","type":"page","link":"https:\/\/foerderverein-der-otfw-arnsdorf.de\/index.php\/erfolge\/","title":{"rendered":"Erfolge"},"content":{"rendered":"\n<p><\/p>\n\n\n\n<p>Vieles, das uns ganz selbstverst\u00e4ndlich erscheint, ist in Wahrheit ein kleines Wunder.<\/p>\n\n\n\n<p><strong>Feuerwehr jetzt rollend statt rennend \u2013 dank gro\u00dfz\u00fcgiger Hilfe<\/strong><\/p>\n\n\n\n<p>Irgendwann gibt auch das beste Fahrzeug seinen Geist auf. Wenn der Gemeinde in einem solchen Moment das Geld fehlt, was dann? Die drei Einsatzfahrzeuge unserer Feuerwehr stehen heute dank der Unterst\u00fctzung engagierter Sponsoren in der Fahrzeughalle. Ohne die finanzielle und tatkr\u00e4ftige Hilfe von Unterst\u00fctzern, die mit Geld und Reparaturleistungen halfen, m\u00fcsste unsere Feuerwehr heute zu Fu\u00df ausr\u00fccken, nachdem die alten Fahrzeuge au\u00dfer Dienst gestellt wurden. Dank vereinter Kr\u00e4fte ging noch einmal alles gut.<\/p>\n\n\n\n<p>Wir setzen uns gemeinsam daf\u00fcr ein, dass unsere Feuerwehr bestm\u00f6glich ausgestattet ist \u2013 f\u00fcr die Sicherheit in unserer Gemeinde.<\/p>\n","protected":false},"excerpt":{"rendered":"<p>Vieles, das uns ganz selbstverst\u00e4ndlich erscheint, ist in Wahrheit ein kleines Wunder. Feuerwehr jetzt rollend statt rennend \u2013 dank gro\u00dfz\u00fcgiger Hilfe Irgendwann gibt auch das beste Fahrzeug seinen Geist auf. Wenn der Gemeinde in einem solchen Moment das Geld fehlt, was dann? Die drei Einsatzfahrzeuge unserer Feuerwehr stehen heute dank der Unterst\u00fctzung engagierter Sponsoren in [&hellip;]<\/p>\n","protected":false},"author":1,"featured_media":244,"parent":0,"menu_order":0,"comment_status":"closed","ping_status":"closed","template":"","meta":{"footnotes":""},"class_list":["post-243","page","type-page","status-publish","has-post-thumbnail","hentry","post","post-with-thumbnail","post-with-thumbnail-large"],"_links":{"self":[{"href":"https:\/\/foerderverein-der-otfw-arnsdorf.de\/index.php\/wp-json\/wp\/v2\/pages\/243","targetHints":{"allow":["GET"]}}],"collection":[{"href":"https:\/\/foerderverein-der-otfw-arnsdorf.de\/index.php\/wp-json\/wp\/v2\/pages"}],"about":[{"href":"https:\/\/foerderverein-der-otfw-arnsdorf.de\/index.php\/wp-json\/wp\/v2\/types\/page"}],"author":[{"embeddable":true,"href":"https:\/\/foerderverein-der-otfw-arnsdorf.de\/index.php\/wp-json\/wp\/v2\/users\/1"}],"replies":[{"embeddable":true,"href":"https:\/\/foerderverein-der-otfw-arnsdorf.de\/index.php\/wp-json\/wp\/v2\/comments?post=243"}],"version-history":[{"count":4,"href":"https:\/\/foerderverein-der-otfw-arnsdorf.de\/index.php\/wp-json\/wp\/v2\/pages\/243\/revisions"}],"predecessor-version":[{"id":250,"href":"https:\/\/foerderverein-der-otfw-arnsdorf.de\/index.php\/wp-json\/wp\/v2\/pages\/243\/revisions\/250"}],"wp:featuredmedia":[{"embeddable":true,"href":"https:\/\/foerderverein-der-otfw-arnsdorf.de\/index.php\/wp-json\/wp\/v2\/media\/244"}],"wp:attachment":[{"href":"https:\/\/foerderverein-der-otfw-arnsdorf.de\/index.php\/wp-json\/wp\/v2\/media?parent=243"}],"curies":[{"name":"wp","href":"https:\/\/api.w.org\/{rel}","templated":true}]}}