{"id":44,"date":"2025-08-06T22:46:34","date_gmt":"2025-08-06T20:46:34","guid":{"rendered":"https:\/\/foerderverein-der-otfw-arnsdorf.de\/?page_id=44"},"modified":"2025-11-16T10:28:51","modified_gmt":"2025-11-16T09:28:51","slug":"herzlich-willkommen","status":"publish","type":"page","link":"https:\/\/foerderverein-der-otfw-arnsdorf.de\/","title":{"rendered":"Herzlich willkommen!"},"content":{"rendered":"\n<p>Retten &#8211; bergen &#8211; l\u00f6schen &#8211; sch\u00fctzen. Jeder kann die Feuerwehr bei ihrer wichtigen Arbeit unterst\u00fctzen, auch ohne selbst auf Eins\u00e4tze zu fahren. Auf dieser Seite stellt sich der F\u00f6rderverein der <a href=\"https:\/\/ffw-arnsdorf.jimdofree.com\/\" data-type=\"link\" data-id=\"https:\/\/ffw-arnsdorf.jimdofree.com\/\" target=\"_blank\" rel=\"noreferrer noopener\">Ortsteilfeuerwehr Arnsdorf<\/a> vor.<\/p>\n\n\n\n<p>Viel Spa\u00df beim St\u00f6bern!<\/p>\n\n\n\n<p><\/p>\n","protected":false},"excerpt":{"rendered":"<p>Retten &#8211; bergen &#8211; l\u00f6schen &#8211; sch\u00fctzen. Jeder kann die Feuerwehr bei ihrer wichtigen Arbeit unterst\u00fctzen, auch ohne selbst auf Eins\u00e4tze zu fahren. Auf dieser Seite stellt sich der F\u00f6rderverein der Ortsteilfeuerwehr Arnsdorf vor. Viel Spa\u00df beim St\u00f6bern!<\/p>\n","protected":false},"author":1,"featured_media":0,"parent":0,"menu_order":0,"comment_status":"closed","ping_status":"closed","template":"","meta":{"footnotes":""},"class_list":["post-44","page","type-page","status-publish","hentry","post"],"_links":{"self":[{"href":"https:\/\/foerderverein-der-otfw-arnsdorf.de\/index.php\/wp-json\/wp\/v2\/pages\/44","targetHints":{"allow":["GET"]}}],"collection":[{"href":"https:\/\/foerderverein-der-otfw-arnsdorf.de\/index.php\/wp-json\/wp\/v2\/pages"}],"about":[{"href":"https:\/\/foerderverein-der-otfw-arnsdorf.de\/index.php\/wp-json\/wp\/v2\/types\/page"}],"author":[{"embeddable":true,"href":"https:\/\/foerderverein-der-otfw-arnsdorf.de\/index.php\/wp-json\/wp\/v2\/users\/1"}],"replies":[{"embeddable":true,"href":"https:\/\/foerderverein-der-otfw-arnsdorf.de\/index.php\/wp-json\/wp\/v2\/comments?post=44"}],"version-history":[{"count":5,"href":"https:\/\/foerderverein-der-otfw-arnsdorf.de\/index.php\/wp-json\/wp\/v2\/pages\/44\/revisions"}],"predecessor-version":[{"id":258,"href":"https:\/\/foerderverein-der-otfw-arnsdorf.de\/index.php\/wp-json\/wp\/v2\/pages\/44\/revisions\/258"}],"wp:attachment":[{"href":"https:\/\/foerderverein-der-otfw-arnsdorf.de\/index.php\/wp-json\/wp\/v2\/media?parent=44"}],"curies":[{"name":"wp","href":"https:\/\/api.w.org\/{rel}","templated":true}]}}